{"id":25,"date":"2014-05-16T15:38:53","date_gmt":"2014-05-16T19:38:53","guid":{"rendered":"http:\/\/www.showcanada.ca\/?page_id=25"},"modified":"2025-10-29T17:46:42","modified_gmt":"2025-10-29T21:46:42","slug":"about-show-canada","status":"publish","type":"page","link":"https:\/\/www.showcanada.ca\/fr\/","title":{"rendered":"ShowCanada 2024"},"content":{"rendered":"<p><\/p>\n<h1>ShowCanada 2026<br \/><span style=\"font-size:80%\">du 19 au 21 mai<\/span><\/h1>\n<hr>\n<p>Produit par l\u2019Association des cin\u00e9mas du Canada (MTAC), ShowCanada est un congr\u00e8s annuel qui rassemble tous les secteurs de l\u2019industrie cin\u00e9matographique du Canada et des \u00c9tats-Unis.<\/p>\n<p>Les d\u00e9l\u00e9gu\u00e9s de la distribution et de l&rsquo;exploitation cin\u00e9matographique se r\u00e9unissent pour nouer des contacts, projeter des films et des produits \u00e0 venir, assister \u00e0 des s\u00e9minaires et c\u00e9l\u00e9brer la magie des salles de cin\u00e9ma.<\/p>\n<p>PLUS DE RENSEIGNEMENTS \u00c0 VENIR<\/p>\n<p><!--\n<a href=\"\/fr\/#hotels\">R\u00e9servez votre chambre aujourd\u2019hui!<\/a>\n\nNous avons h\u00e2te de vous y voir! \n\n<a href=\"\/fr\/#registration\"><b>INSCRIVEZ-VOUS \u00c0 SHOWCANADA 2026<\/b><\/a>\n--><\/p>\n<p><style>\r\n.sponsors-wrapper {\r\n\tpadding-bottom: 40px;\r\n}\r\n.sponsors-ranked { overflow-x: hidden; }\r\n.sponsors-ranked > div {\r\n\tdisplay: flex;\r\n\tflex-wrap: wrap;\r\n\tjustify-content: center;\r\n\talign-items: center;\r\n\tgap: 40px 80px;\r\n\tmargin-top: 40px;\r\n\t\r\n\tmax-width: 95%;\r\n\tmargin-inline: auto;\r\n}\r\n.sponsors-ranked img {\r\n\tdisplay: block;\r\n\tmax-width: 150px;\r\n\tmax-height: 120px;\r\n\tbox-sizing: border-box;\r\n}\r\n.sponsors-ranked img.small { scale: 0.8; }\r\n\r\n.sponsors-ranked .rank-1 img { max-width: 280px; max-height: 224px; }\r\n.sponsors-ranked .rank-2 img { max-width: 250px; max-height: 200px; }\r\n.sponsors-ranked .rank-3 img { max-width: 200px; max-height: 160px; }\r\n.sponsors-ranked .rank-4 img { max-width: 175px; max-height: 140px; }\r\n.sponsors-ranked .rank-5 img { max-width: 150px; max-height: 120px; }\r\n.sponsors-ranked .rank-6 img { max-width: 120px; max-height: 96px; }\r\n\r\n.sponsors-ranked .rank-1 img.large { max-width: 340px; max-height: 240px; }\r\n.sponsors-ranked .rank-2 img.large { max-width: 280px; max-height: 224px; }\r\n.sponsors-ranked .rank-3 img.large { max-width: 250px; max-height: 200px; }\r\n.sponsors-ranked .rank-4 img.large { max-width: 200px; max-height: 150px; }\r\n.sponsors-ranked .rank-5 img.large { max-width: 170px; max-height: 136px; }\r\n.sponsors-ranked .rank-3 img.xlarge { max-width: 250px; max-height: 156px; }\r\n.sponsors-ranked .rank-4 img.xlarge { max-width: 250px; max-height: 200px; }\r\n.sponsors-ranked .rank-5 img.xlarge { max-width: 195px; max-height: 156px; }\r\n.sponsors-ranked .rank-5 img.xxlarge { max-width: 225px; max-height: 175px; }\r\n\r\n\/*.sponsors-ranked .rank-2 { margin-top: 20px; }*\/\r\n\r\n@media (max-width: 1024px) {\r\n\t.sponsors-ranked > div { gap: 20px 40px; margin-top: 20px; }\r\n\t.sponsors-ranked .rank-1 img { max-width: 150px; max-height: 120px; }\r\n\t.sponsors-ranked .rank-2 img { max-width: 125px; max-height: 100px; }\r\n\t.sponsors-ranked .rank-3 img { max-width: 100px; max-height: 80px; }\r\n\t.sponsors-ranked .rank-4 img { max-width: 90px; max-height: 72px; }\r\n\t.sponsors-ranked .rank-5 img { max-width: 75px; max-height: 60px; }\r\n\t.sponsors-ranked .rank-6 img { max-width: 60px; max-height: 48px; }\r\n\r\n\t.sponsors-ranked .rank-1 img.large { max-width: 170px; max-height: 120px; }\r\n\t.sponsors-ranked .rank-3 img.large { max-width: 110px; max-height: 88px; }\r\n\t.sponsors-ranked .rank-4 img.large { max-width: 115px; max-height: 92px; }\r\n\t.sponsors-ranked .rank-5 img.large { max-width: 85px; max-height: 68px; }\r\n\t.sponsors-ranked .rank-3 img.xlarge { max-width: 125px; max-height: 78px; }\r\n\t.sponsors-ranked .rank-5 img.xlarge { max-width: 98px; max-height: 78px; }\r\n\t.sponsors-ranked .rank-5 img.xxlarge { max-width: 115px; max-height: 92px; }\r\n\t\r\n\t\/*.sponsors-ranked .rank-2 { margin-top: 10px; }*\/\r\n}\r\n\r\n<\/style>\r\n<div class=\"sponsors-wrapper\">\r\n  <h1>Merci \u00e0 nos Commanditaires<\/h1>\r\n  <div class=\"sponsors-ranked\">\r\n\t<div class=\"rank-1\">\r\n\t\t<img decoding=\"async\" alt=\"Alberta Film Commission\" src=\"https:\/\/www.showcanada.ca\/wp-content\/uploads\/2025\/12\/ABFC-logo-CMYK_Primary-Lockup-Black.png\" \/>\r\n\t\t<img decoding=\"async\" alt=\"Coca Cola\" src=\"https:\/\/www.showcanada.ca\/wp-content\/uploads\/2023\/12\/CCCBL_CMYK_English-Horizontal_2.png\" \/>\r\n\t\t<img decoding=\"async\" alt=\"LG Ad Solutions\" class=\"large\" src=\"https:\/\/www.showcanada.ca\/wp-content\/uploads\/2023\/04\/LGAd-Solutions-blk_crop.png\" \/>\r\n\t\t<!--<img decoding=\"async\" alt=\"Rogers Sports & Media\" src=\"https:\/\/www.showcanada.ca\/wp-content\/uploads\/2024\/05\/Logo-RSM-1200.png\" \/>-->\r\n\t\t<img decoding=\"async\" alt=\"Telefilm Canada\" src=\"https:\/\/www.showcanada.ca\/wp-content\/uploads\/2026\/03\/TF_Canada_Signature_Seule_RVB_Noir.png\" \/>\r\n\t<\/div>\r\n\t<div class=\"rank-2\">\r\n\t\t<img decoding=\"async\" alt=\"Cineplex\" class=\"large\" src=\"https:\/\/www.showcanada.ca\/wp-content\/uploads\/2026\/04\/Cineplex_Logo_EN_3C_RGB_crop.png\" \/>\r\n\t\t<img decoding=\"async\" alt=\"Landmark\" src=\"https:\/\/www.showcanada.ca\/wp-content\/uploads\/2021\/11\/LCC-Logo-FML.png\" \/>\r\n\t<\/div>\r\n\t<div class=\"rank-3\">\r\n\t\t<img decoding=\"async\" alt=\"Amazon MGM Studios\" class=\"xlarge\" src=\"https:\/\/www.showcanada.ca\/wp-content\/uploads\/2025\/03\/AMAZON-MGM-STUDIOS_StackedLogo_GOLD_RGB.png\" \/>\r\n\t\t<img decoding=\"async\" alt=\"Cineplex Pictures\" src=\"https:\/\/www.showcanada.ca\/wp-content\/uploads\/2024\/04\/CineplexPictures_4C_RGB_2015_trim.png\" \/>\r\n\t\t<img decoding=\"async\" alt=\"Elevation Pictures\" class=\"small\" src=\"https:\/\/www.showcanada.ca\/wp-content\/uploads\/2022\/03\/Elevation_Web-Version.png\" \/>\r\n\t\t<img decoding=\"async\" alt=\"MUBI\" src=\"https:\/\/www.showcanada.ca\/wp-content\/uploads\/2025\/03\/Mubi_LogoLockUp_Standard_Blue001489_1920.png\" \/>\r\n\t\t<img decoding=\"async\" alt=\"Paramount\" src=\"https:\/\/www.showcanada.ca\/wp-content\/uploads\/2026\/03\/SkydanceCorp_Paramount22Stars_Logo_Blue_vector_v02.png\" \/>\r\n\t\t<img decoding=\"async\" alt=\"Sony Pictures\" class=\"large\" src=\"https:\/\/www.showcanada.ca\/wp-content\/uploads\/2026\/04\/sony-pictures.png\" \/>\r\n\t\t<img decoding=\"async\" alt=\"Universal\" src=\"https:\/\/www.showcanada.ca\/wp-content\/uploads\/2014\/12\/Universal.png\" \/>\r\n\t\t<img decoding=\"async\" alt=\"VVS Films\" src=\"https:\/\/www.showcanada.ca\/wp-content\/uploads\/2023\/03\/VVS_Logo_BLACK.png\" \/>\r\n\t\t<img decoding=\"async\" alt=\"Walt Disney Studios Canada\" class=\"large\" src=\"https:\/\/www.showcanada.ca\/wp-content\/uploads\/2023\/05\/WDS-Stacked-Opt-1.png\" \/>\r\n\t\t<img decoding=\"async\" alt=\"Warner Bros\" src=\"https:\/\/www.showcanada.ca\/wp-content\/uploads\/2025\/02\/WB-PICTURES_LOGO_DigitalRGB_PRIMARY_COLOR_forLightBKG.png\" \/>\r\n\t<\/div>\r\n\t<div class=\"rank-3\">\r\n\t\t<img decoding=\"async\" alt=\"Barco\" src=\"https:\/\/www.showcanada.ca\/wp-content\/uploads\/2025\/05\/BARCO_cmyk_primarylogo_red1.jpg\" \/>\r\n\t\t<img decoding=\"async\" alt=\"Deluxe\" src=\"https:\/\/www.showcanada.ca\/wp-content\/uploads\/2025\/12\/Deluxe-TypeMark-red.png\" \/>\r\n\t\t<img decoding=\"async\" alt=\"Samsung Ads\" class=\"large\" src=\"https:\/\/www.showcanada.ca\/wp-content\/uploads\/2023\/04\/SamsungAds_Horizontal_STD_trans_crop.png\" \/>\r\n\t\t<img decoding=\"async\" alt=\"Spotify\" class=\"large\" src=\"https:\/\/www.showcanada.ca\/wp-content\/uploads\/2025\/05\/Spotify-NEW_crop.png\" \/>\r\n\t<\/div>\r\n\t<div class=\"rank-4\">\r\n\t\t<img decoding=\"async\" alt=\"7-Eleven Distribution\" class=\"xlarge\" src=\"https:\/\/www.showcanada.ca\/wp-content\/uploads\/2025\/01\/7EDistributionLogo-CMYK-Horizontal-Color.png\" \/>\r\n\t\t<img decoding=\"async\" alt=\"Imax\" src=\"https:\/\/www.showcanada.ca\/wp-content\/uploads\/2026\/03\/IMAXLOGO_R_2019_285C.png\" \/>\r\n\t\t<img decoding=\"async\" alt=\"La Presse\" src=\"https:\/\/www.showcanada.ca\/wp-content\/uploads\/2026\/02\/lapresse428.png\" \/>\r\n\t\t<img decoding=\"async\" alt=\"MPA Canada\" class=\"large\" src=\"https:\/\/www.showcanada.ca\/wp-content\/uploads\/2021\/10\/thumbnail_MPA-Canada_Logo_Horizontal_trim.png\" \/>\r\n\t\t<img decoding=\"async\" alt=\"TikTok\" src=\"https:\/\/www.showcanada.ca\/wp-content\/uploads\/2026\/02\/TikTok-logo-RGB-Stacked-black-simplified-1.png\" \/>\r\n\t<\/div>\r\n\t<div class=\"rank-5\">\r\n\t\t<!--\r\n\t\t<img decoding=\"async\" alt=\"Just Watch\" src=\"https:\/\/www.showcanada.ca\/wp-content\/uploads\/2024\/05\/JustWatch-Media-Logo-Stacked.png\" \/>\r\n\t\t<img decoding=\"async\" alt=\"Screen Nova Scotia\" src=\"https:\/\/www.showcanada.ca\/wp-content\/uploads\/2024\/02\/SCREEN-NS-LOGO-png.black_.png\" \/>\r\n\t\t-->\r\n\t\t<img decoding=\"async\" alt=\"Angel Studios\" src=\"https:\/\/www.showcanada.ca\/wp-content\/uploads\/2026\/02\/Angel-ONLY-black-logo.png\" \/>\r\n\t\t<img decoding=\"async\" alt=\"Christie\" class=\"large\" src=\"https:\/\/www.showcanada.ca\/wp-content\/uploads\/2014\/12\/Christie.png\" \/>\r\n\t\t<img decoding=\"async\" alt=\"Cinematronix\" class=\"xxlarge\" src=\"https:\/\/www.showcanada.ca\/wp-content\/uploads\/2026\/03\/Cinematronix-Logo-WHITE-transparent_1920.png\" \/>\r\n\t\t<img decoding=\"async\" alt=\"ComScore\" class=\"xlarge\" src=\"https:\/\/www.showcanada.ca\/wp-content\/uploads\/2025\/04\/UTF-8Comscore_Logo_Black-2.png\" \/>\r\n\t\t<img decoding=\"async\" alt=\"Dolby\" src=\"https:\/\/www.showcanada.ca\/wp-content\/uploads\/2022\/05\/DLB_Corp_rgb_blk_@1x.png\" \/>\r\n\t\t<img decoding=\"async\" alt=\"Game Theory\" src=\"https:\/\/www.showcanada.ca\/wp-content\/uploads\/2026\/03\/GameTheoryLogo.png\" \/>\r\n\t\t<img decoding=\"async\" alt=\"Illumin\" src=\"https:\/\/www.showcanada.ca\/wp-content\/uploads\/2026\/03\/illumin_stacked-2022_B-4.png\" \/>\r\n\t\t<img decoding=\"async\" alt=\"MDI\" src=\"https:\/\/www.showcanada.ca\/wp-content\/uploads\/2026\/04\/MDI_Logo_CMYK.png\" \/>\r\n\t\t<img decoding=\"async\" alt=\"Paper Airplane\" src=\"https:\/\/www.showcanada.ca\/wp-content\/uploads\/2026\/01\/PA-logo-1_blu_t.png\" \/>\r\n\t\t<img decoding=\"async\" alt=\"PostMedia\" class=\"xlarge\" src=\"https:\/\/www.showcanada.ca\/wp-content\/uploads\/2016\/01\/PostMedia.png\" \/>\r\n\t\t<img decoding=\"async\" alt=\"Tylite Digital\" src=\"https:\/\/www.showcanada.ca\/wp-content\/uploads\/2022\/04\/TYLITE-LOGO.png\" \/>\r\n\t<\/div>\r\n\t<div class=\"rank-5\">\r\n\t<!--\r\n\t\t<img decoding=\"async\" alt=\"D-Box\" src=\"https:\/\/www.showcanada.ca\/wp-content\/uploads\/2024\/03\/dbox-logo-name-black-web.png\" \/>\r\n\t\t<img decoding=\"async\" alt=\"ERm Research\" src=\"https:\/\/www.showcanada.ca\/wp-content\/uploads\/2017\/05\/ERm-1.png\" \/>\r\n\t\t<img decoding=\"async\" alt=\"Exclaim\" src=\"https:\/\/www.showcanada.ca\/wp-content\/uploads\/2023\/04\/Exclaim-Logo-Stacked-Black_trans.png\" \/>\r\n\t\t<img decoding=\"async\" alt=\"Incredible Printing\" src=\"https:\/\/www.showcanada.ca\/wp-content\/uploads\/2022\/04\/IPC_PrintLogo-4C.png\" \/>\r\n\t\t-->\r\n\t<\/div>\r\n\t<!--\r\n\t<div class=\"rank-6\">\r\n\t<\/div>\r\n\t-->\r\n  <\/div>\r\n<\/div>\r\n\r\n<\/p>","protected":false},"excerpt":{"rendered":"<p>ShowCanada 2026du 19 au 21 mai Produit par l\u2019Association des cin\u00e9mas du Canada (MTAC), ShowCanada est un congr\u00e8s annuel qui rassemble tous les secteurs de l\u2019industrie cin\u00e9matographique du Canada et des \u00c9tats-Unis. Les d\u00e9l\u00e9gu\u00e9s de la distribution et de l&rsquo;exploitation cin\u00e9matographique se r\u00e9unissent pour nouer des contacts, projeter des films et des produits \u00e0 venir, [&hellip;]<\/p>\n","protected":false},"author":1,"featured_media":0,"parent":0,"menu_order":0,"comment_status":"closed","ping_status":"closed","template":"accordion.php","meta":{"ngg_post_thumbnail":0,"footnotes":""},"class_list":["post-25","page","type-page","status-publish"],"acf":[],"_links":{"self":[{"href":"https:\/\/www.showcanada.ca\/fr\/wp-json\/wp\/v2\/pages\/25"}],"collection":[{"href":"https:\/\/www.showcanada.ca\/fr\/wp-json\/wp\/v2\/pages"}],"about":[{"href":"https:\/\/www.showcanada.ca\/fr\/wp-json\/wp\/v2\/types\/page"}],"author":[{"embeddable":true,"href":"https:\/\/www.showcanada.ca\/fr\/wp-json\/wp\/v2\/users\/1"}],"replies":[{"embeddable":true,"href":"https:\/\/www.showcanada.ca\/fr\/wp-json\/wp\/v2\/comments?post=25"}],"version-history":[{"count":171,"href":"https:\/\/www.showcanada.ca\/fr\/wp-json\/wp\/v2\/pages\/25\/revisions"}],"predecessor-version":[{"id":12875,"href":"https:\/\/www.showcanada.ca\/fr\/wp-json\/wp\/v2\/pages\/25\/revisions\/12875"}],"wp:attachment":[{"href":"https:\/\/www.showcanada.ca\/fr\/wp-json\/wp\/v2\/media?parent=25"}],"curies":[{"name":"wp","href":"https:\/\/api.w.org\/{rel}","templated":true}]}}