{"id":3017,"date":"2014-05-22T20:11:03","date_gmt":"2014-05-22T20:11:03","guid":{"rendered":"http:\/\/www.showcanada.ca\/?page_id=3017"},"modified":"2026-03-16T13:47:46","modified_gmt":"2026-03-16T17:47:46","slug":"hotels","status":"publish","type":"page","link":"https:\/\/www.showcanada.ca\/fr\/about-show-canada\/hotels\/","title":{"rendered":"H\u00f4tels et d\u00e9placements"},"content":{"rendered":"<p><\/p>\n<h1>H\u00f4tels<\/h1>\n<hr>\n<p>\u00c0 VENIR<br \/>\n<!--\n\nShowCanada 2025 a le plaisir de proposer des tarifs pr\u00e9f\u00e9rentiels dans nos h\u00f4tels partenaires.\n\n<b>R\u00c9SERVEZ T\u00d4T en utilisant les liens directs fournis pour chaque \u00e9tablissement afin de b\u00e9n\u00e9ficier de notre tarif d'\u00e9v\u00e9nement.<\/b>\n\n\n\n\n<p>&nbsp;<\/p>\n\n\n<b class=\"heading\">THE FAIRMONT EMPRESS HOTEL<\/b>\n\n\n<div class=\"sponsors\"><img decoding=\"async\" src=\"https:\/\/www.showcanada.ca\/wp-content\/uploads\/2024\/10\/Fairmont-Empress-Black-scaled.jpg\" style=\"width:15%\" \/><\/div>\n\n\n\n\u00c0 partir de 289 $ par nuit\u00e9e\nDate limite pour r\u00e9server : 25 avril\n\n<a href=\"https:\/\/book.passkey.com\/e\/50394468\" target=\"_blank\" rel=\"noopener\">R\u00c9SERVEZ ICI<\/a>\n\n\n\n\n<p>&nbsp;<\/p>\n\n\n<b class=\"heading\">MARRIOTT VICTORIA INNER HARBOUR<\/b>\n\n\n<div class=\"sponsors\"><img decoding=\"async\" src=\"https:\/\/www.showcanada.ca\/wp-content\/uploads\/2024\/10\/YYJMC_Primary_RGB.png\" \/><\/div>\n\n\n\n\u00c0 partir de 279 $ par nuit\u00e9e\nDate limite pour r\u00e9server : 25 avril\n\n<a href=\"https:\/\/www.marriott.com\/event-reservations\/reservation-link.mi?id=1730242029038&key=GRP&guestreslink2=true\" target=\"_blank\" rel=\"noopener\">R\u00c9SERVEZ ICI<\/a>\n\n\n\n\n<p>&nbsp;<\/p>\n\n\n\n\n<h1>VOLER VERS VICTORIA<\/h1>\n\n\n\n\n<hr>\n\n\n\n<b>R\u00e9servez aupr\u00e8s d'Air Canada et utilisez notre code d'\u00e9v\u00e9nement pour b\u00e9n\u00e9ficier d'une r\u00e9duction sur votre billet.<\/b>\n\n\n<div class=\"sponsors\"><img decoding=\"async\" src=\"https:\/\/www.showcanada.ca\/wp-content\/uploads\/2023\/10\/Air_Canada_Logo_PNG_18.png\" style=\"width:20%;\" \/><\/div>\n\n\n\n<a href=\"https:\/\/aircanada.com\" target=\"_blank\" rel=\"noopener\">Aircanada.com<\/a>\nSaisissez ce code au moment de l'achat : <span class=\"red\"><b>RP2AQ3V1<\/b><\/span>\n\nR\u00e8gles applicables\n\n\n<ul>\n\n\n<li>La r\u00e9servation doit \u00eatre effectu\u00e9e dans la ville suivante : Victoria, YYJ (CA)<\/li>\n\n\n\n\n<li>La p\u00e9riode de voyage commence le lundi 20 mai 2024 et se termine le vendredi 7 juin 2024. <\/li>\n\n\n\n\n<li>Pour l'Am\u00e9rique du Nord : 5 % sur les tarifs standards, 10 % sur les tarifs flexibles et plus.\nPour les voyages internationaux : 10 % sur les tarifs standards et plus.\n<\/li>\n\n\n<\/ul>\n\n\n\n--><\/p>","protected":false},"excerpt":{"rendered":"<p>H\u00f4tels \u00c0 VENIR<\/p>\n","protected":false},"author":1,"featured_media":0,"parent":25,"menu_order":3,"comment_status":"closed","ping_status":"closed","template":"accordion.php","meta":{"ngg_post_thumbnail":0,"footnotes":""},"class_list":["post-3017","page","type-page","status-publish"],"acf":[],"_links":{"self":[{"href":"https:\/\/www.showcanada.ca\/fr\/wp-json\/wp\/v2\/pages\/3017"}],"collection":[{"href":"https:\/\/www.showcanada.ca\/fr\/wp-json\/wp\/v2\/pages"}],"about":[{"href":"https:\/\/www.showcanada.ca\/fr\/wp-json\/wp\/v2\/types\/page"}],"author":[{"embeddable":true,"href":"https:\/\/www.showcanada.ca\/fr\/wp-json\/wp\/v2\/users\/1"}],"replies":[{"embeddable":true,"href":"https:\/\/www.showcanada.ca\/fr\/wp-json\/wp\/v2\/comments?post=3017"}],"version-history":[{"count":97,"href":"https:\/\/www.showcanada.ca\/fr\/wp-json\/wp\/v2\/pages\/3017\/revisions"}],"predecessor-version":[{"id":12944,"href":"https:\/\/www.showcanada.ca\/fr\/wp-json\/wp\/v2\/pages\/3017\/revisions\/12944"}],"up":[{"embeddable":true,"href":"https:\/\/www.showcanada.ca\/fr\/wp-json\/wp\/v2\/pages\/25"}],"wp:attachment":[{"href":"https:\/\/www.showcanada.ca\/fr\/wp-json\/wp\/v2\/media?parent=3017"}],"curies":[{"name":"wp","href":"https:\/\/api.w.org\/{rel}","templated":true}]}}