{"id":8960,"date":"2018-07-17T23:36:57","date_gmt":"2018-07-18T03:36:57","guid":{"rendered":"http:\/\/www.showcanada.ca\/?page_id=8960"},"modified":"2026-02-04T13:10:57","modified_gmt":"2026-02-04T18:10:57","slug":"awards","status":"publish","type":"page","link":"https:\/\/www.showcanada.ca\/fr\/about-show-canada\/awards\/","title":{"rendered":"Prix d&rsquo;Excellence"},"content":{"rendered":"<p><\/p>\n<h1>LES PRIX D\u2019EXCELLENCE 2026<\/h1>\n<hr>\n<p>\u00c0 VENIR<br \/>\n<!--\n\nReconna\u00eetre l\u2019excellence et la contribution \u00e0 l\u2019exp\u00e9rience cin\u00e9matographique en salle. \n\n<b><i><u>LES PRIX<\/u><\/i><\/b>\n\n<b class=\"heading\">Prix de reconnaissance ShowCanada<\/b>\nEn partenariat avec les salles de cin\u00e9ma \u00e0 travers le pays, Showcanada honore les directeurs, g\u00e9rants et le personnel des cin\u00e9mas qui ont affich\u00e9 des performances sup\u00e9rieures et un engagement ferme \u00e0 \u00e9lever l\u2019exp\u00e9rience cin\u00e9matographique.\n\nCes gestionnaires sont choisis en fonction de crit\u00e8res allant du service \u00e0 la client\u00e8le, de l\u2019excellence op\u00e9rationnelle, de l\u2019ouverture \u00e0 la communaut\u00e9 et de la cr\u00e9ativit\u00e9.\n\n\n\n<div class=\"sponsors\">\n<img decoding=\"async\" alt=\"Cineplex\" src=\"https:\/\/www.showcanada.ca\/wp-content\/uploads\/2021\/11\/Cineplex_Logo_RGB_3R_ENG_4C_w_TAGLINE1_trim.png\" \/>\n<img decoding=\"async\" alt=\"Landmark\" src=\"https:\/\/www.showcanada.ca\/wp-content\/uploads\/2021\/11\/LCC-Logo-FML.png\" \/>\n<\/div>\n\n\n\n\n\n<p>&nbsp;<\/p>\n\n\n<b class=\"heading\">Pleins feux sur les cin\u00e9mas ind\u00e9pendants <\/b>\nC\u00e9l\u00e9brant l\u2019esprit et l\u2019enthousiasme des cin\u00e9mas ind\u00e9pendants \u00e0 travers le pays, ce prix honore une salle de cin\u00e9ma ind\u00e9pendante faisant preuve d\u2019engagement, d\u2019innovation, de cr\u00e9ativit\u00e9, de programmation originale et d\u2019engagement communautaire. \n\nLe cin\u00e9ma gagnant est s\u00e9lectionn\u00e9 par un jury compos\u00e9 de studios\/distributeurs et de repr\u00e9sentants de l\u2019industrie. \n\n\n\n<p>&nbsp;<\/p>\n\n\n<b class=\"heading\">Le Prix d\u2019Excellence Eugene Amodeo de l\u2019ann\u00e9e<\/b>\nCr\u00e9\u00e9 en m\u00e9moire d\u2019Eugene Amodeo, un membre bien-aim\u00e9 de longue date de l\u2019industrie qui a si bien illustr\u00e9 le meilleur de l\u2019enthousiasme, de la cr\u00e9ativit\u00e9, de la t\u00e9nacit\u00e9 et de l\u2019amour du cin\u00e9ma. \n\nCe prix annuel rendra hommage \u00e0 une personne ou \u00e0 une entreprise qui a fait preuve d\u2019un soutien, d\u2019une contribution ou d\u2019une innovation exceptionnels \u00e0 l\u2019industrie canadienne du cin\u00e9ma en salle. Le prix est ouvert \u00e0 toutes les cat\u00e9gories de l\u2019industrie, y compris la technologie, les concessions, les m\u00e9dias, les fournisseurs et les cin\u00e9astes.\n\nUn jury compos\u00e9 d\u2019exploitants de salles de cin\u00e9ma et de repr\u00e9sentants des studios et de la distribution s\u2019occupe de la s\u00e9lection et vote pour le laur\u00e9at.\n\n<span class=\"red\">**** LES CANDIDATURES SONT OUVERTES ET PEUVENT \u00caTRE ENVOY\u00c9ES \u00c0  <a href=\"mailto:carrie@showcanada.ca?subject=PRIX%20D%27EXCELLENCE\" target=\"_blank\" rel=\"noopener\">carrie@showCanada.ca<\/a> \/ Objet : PRIX D\u2019EXCELLENCE **<\/span>\n\nVeuillez indiquer bri\u00e8vement comment, selon vous, cette entreprise ou cette personne a contribu\u00e9 \u00e0 la croissance et au soutien de l\u2019industrie du cin\u00e9ma.\n\n\n\n<p>&nbsp;<\/p>\n\n\n<b class=\"heading\">Le Prix de la durabilit\u00e9 Rob Stewart pr\u00e9sent\u00e9 par Coca Cola<\/b>\nRob Stewart \u00e9tait un cin\u00e9aste acclam\u00e9 et un activiste influent dont les films (Sharkwater, Revolution et Sharkwater Extinction) ont dynamis\u00e9 un mouvement de protection des requins, de l'oc\u00e9an et de la plan\u00e8te. Nomm\u00e9 en son honneur, ce nouveau prix r\u00e9compensera un cin\u00e9ma dont les efforts t\u00e9moignent d'un engagement positif et durable \u00e0 changer les choses sur le plan environnemental et social. \n\nLes cin\u00e9mas sont invit\u00e9s \u00e0 participer sur la base des initiatives entreprises en 2024\/25. Ces initiatives peuvent inclure une programmation innovante, l'efficacit\u00e9 op\u00e9rationnelle, des \u00e9v\u00e9nements sp\u00e9ciaux, la collaboration avec la communaut\u00e9 et les initiatives des employ\u00e9s.\n\nUn jury compos\u00e9 de repr\u00e9sentants de l'industrie s\u00e9lectionnera le gagnant parmi toutes les candidatures admissibles.\n\n<b>Le cin\u00e9ma gagnant recevra une inscription gratuite \u00e0 ShowCanada 2025, ainsi que le transport aller-retour et l'h\u00e9bergement \u00e0 Victoria.<\/b>\n\n<b>POUR INSCRIRE ou NOMMER UN CIN\u00c9MA :<\/b>\nSoumettez une lettre d\u00e9crivant en d\u00e9tail toute initiative pertinente, dont :\n- la date \u00e0 laquelle les activit\u00e9s ont \u00e9t\u00e9 entreprises\n- comment les initiatives ont \u00e9t\u00e9 con\u00e7ues pour soutenir la durabilit\u00e9 sociale ou environnementale\n- les documents \u00e0 l'appui, y compris les photos, vid\u00e9os et lettres de soutien\n- les r\u00e9sultats mesurables et l'impact de l'activit\u00e9 ou de l'\u00e9v\u00e9nement\n- les raisons pour lesquelles ces initiatives ou \u00e9v\u00e9nements \u00e9taient importants pour votre cin\u00e9ma et votre \u00e9quipe \n\n<span class=\"red\">Les candidatures peuvent \u00eatre soumises par courriel \u00e0 <a href=\"mailto:carrie@showcanada.ca?subject=Prix%20de%20durabilit%C3%A9\" target=\"_blank\" rel=\"noopener\">carrie@showcanada.ca<\/a> avec l\u2019OBJECT : Prix de durabilit\u00e9<\/span>\n\n<b>CRIT\u00c8RES : <\/b>\nLes candidatures seront examin\u00e9es sur la base des crit\u00e8res suivants :\n- l'impact direct mesurable, qui comprend, sans s'y limiter, la sensibilisation, la r\u00e9duction des d\u00e9chets, l'efficacit\u00e9 \u00e9nerg\u00e9tique, la collecte de fonds\n- l'implication et l'\u00e9ducation de la communaut\u00e9\n- l'engagement des employ\u00e9s\n- l'innovation et la cr\u00e9ativit\u00e9\n- un engagement clair en faveur du d\u00e9veloppement durable\n- un potentiel de croissance et une activit\u00e9 permanente \n\n<b>DATE LIMITE : Les candidatures doivent \u00eatre re\u00e7ues avant le 15 mars 202<\/b>\n\n\n\n<div class=\"sponsors\">\n<img decoding=\"async\" alt=\"Coca Cola\" src=\"https:\/\/www.showcanada.ca\/wp-content\/uploads\/2023\/12\/CCCBL_CMYK_English-Horizontal_2.png\" \/>\n<\/div>\n\n\n\n\n\n\n<p>&nbsp;<\/p>\n\n\n<b class=\"heading\">Le Prix Hector Ross<\/b>\nRemis chaque ann\u00e9e au film canadien le plus rentable.\n--><\/p>","protected":false},"excerpt":{"rendered":"<p>LES PRIX D\u2019EXCELLENCE 2026 \u00c0 VENIR<\/p>\n","protected":false},"author":1,"featured_media":0,"parent":25,"menu_order":4,"comment_status":"closed","ping_status":"closed","template":"accordion.php","meta":{"ngg_post_thumbnail":0,"footnotes":""},"class_list":["post-8960","page","type-page","status-publish"],"acf":[],"_links":{"self":[{"href":"https:\/\/www.showcanada.ca\/fr\/wp-json\/wp\/v2\/pages\/8960"}],"collection":[{"href":"https:\/\/www.showcanada.ca\/fr\/wp-json\/wp\/v2\/pages"}],"about":[{"href":"https:\/\/www.showcanada.ca\/fr\/wp-json\/wp\/v2\/types\/page"}],"author":[{"embeddable":true,"href":"https:\/\/www.showcanada.ca\/fr\/wp-json\/wp\/v2\/users\/1"}],"replies":[{"embeddable":true,"href":"https:\/\/www.showcanada.ca\/fr\/wp-json\/wp\/v2\/comments?post=8960"}],"version-history":[{"count":52,"href":"https:\/\/www.showcanada.ca\/fr\/wp-json\/wp\/v2\/pages\/8960\/revisions"}],"predecessor-version":[{"id":12889,"href":"https:\/\/www.showcanada.ca\/fr\/wp-json\/wp\/v2\/pages\/8960\/revisions\/12889"}],"up":[{"embeddable":true,"href":"https:\/\/www.showcanada.ca\/fr\/wp-json\/wp\/v2\/pages\/25"}],"wp:attachment":[{"href":"https:\/\/www.showcanada.ca\/fr\/wp-json\/wp\/v2\/media?parent=8960"}],"curies":[{"name":"wp","href":"https:\/\/api.w.org\/{rel}","templated":true}]}}